{"id":33,"date":"2024-01-09T16:36:28","date_gmt":"2024-01-09T19:36:28","guid":{"rendered":"https:\/\/extrememind.net\/loja\/?post_type=product&#038;p=33"},"modified":"2024-01-09T16:39:21","modified_gmt":"2024-01-09T19:39:21","slug":"notebook-acer-aspire-5-intel-core-i5h-8gb-512gb-ss-156-full-hd-windows-11-a515-57-565j","status":"publish","type":"product","link":"https:\/\/extrememind.net\/loja\/produto\/notebook-acer-aspire-5-intel-core-i5h-8gb-512gb-ss-156-full-hd-windows-11-a515-57-565j\/","title":{"rendered":"Notebook Acer Aspire 5 Intel Core i5H 8GB 512GB SS &#8211; 15,6\u201d Full HD Windows 11 A515-57-565J"},"content":{"rendered":"<p><span class=\"sc-dcJsrY jZKEso\" data-testid=\"product-detail-title\">Notebook Acer Aspire 5 Intel Core i5H 8GB 512GB SS<\/span><\/p>\n<div class=\"sc-fqkvVR heuZyN sc-PAYoq CLqYa\" data-testid=\"product-detail-description\">\n<div class=\"sc-fqkvVR hlqElk sc-dZHFPk jtygfc\" data-testid=\"rich-content-container\">Nos dias de hoje, com o avan\u00e7o constante da tecnologia, tudo o que for digital, nem sempre \u00e9 resolvido somente com um smartphone e \u00e9 necess\u00e1rio o uso de computadores ou notebooks. Muitos optam pelo notebook pela praticidade de poder trabalhar, navegar pela internet e estudar em qualquer lugar que estiver. Por isso, se voc\u00ea est\u00e1 a procura de um novo notebook, precisa conhecer o Acer Aspire 5 A515-57-565J. Ele foi desenvolvido para aqueles que querem estudar, trabalhar ou se divertir com facilidade gastando pouco. Ele tem processador Intel Core i5 de 12\u00aa gera\u00e7\u00e3o que oferece capacidade de resposta incr\u00edvel e permite a realiza\u00e7\u00e3o de tarefas simult\u00e2neas de forma suave e cont\u00ednua, 8GB de mem\u00f3ria RAM que executa v\u00e1rias tarefas simultaneamente sem comprometer o desempenho e 512GB de armazenamento SSD, que \u00e9 espa\u00e7o suficiente para guardar seus arquivos, documentos e aplicativos essenciais. A tela dele \u00e9 em LED com tecnologia Anti reflexo Acer ComfyView de 15,6&#8243; com resolu\u00e7\u00e3o Full HD e conta com sistema operacional Windows 11 Home de 64-bits, que proporciona um visual mais moderno, intuitivo e de f\u00e1cil navega\u00e7\u00e3o. E, digitar por minutos ou por horas ser\u00e1 mais confort\u00e1vel com o teclado de r\u00e1pida resposta. O dispositivo \u00e9 programado para o portugu\u00eas do Brasil, com padr\u00e3o ABNT 2 e possui teclado num\u00e9rico independente para facilitar sua rotina. Conta com design de entrada de ar pelo teclado, expelindo cerca de 8 a 10% mais calor. Al\u00e9m disso, as ventoinhas possuem entrada de ar no topo do anel, o que oferece at\u00e9 5 a 10% de melhoria no fluxo do ar. Com as teclas de atalho Fn + f, voc\u00ea controla a velocidade da ventoinha e alterna entre os modos Silencioso, Normal ou Desempenho. Este modelo possui capacidade para a instala\u00e7\u00e3o e\/ou melhorias de SSDs NVMe. Slot dedicado livre M.2 2280, compat\u00edvel com barramento PCIe 3.0 x4 NVMe de at\u00e9 1 TB.<\/div>\n<\/div>\n","protected":false},"excerpt":{"rendered":"<p>Notebook Acer Aspire 5 Intel Core i5H 8GB 512GB SS Nos dias de hoje, com o avan\u00e7o constante da tecnologia, tudo o que for digital, nem sempre \u00e9 resolvido somente com um smartphone e \u00e9 necess\u00e1rio o uso de computadores ou notebooks. Muitos optam pelo notebook pela praticidade de poder trabalhar, navegar pela internet e [&hellip;]<\/p>\n","protected":false},"featured_media":34,"comment_status":"open","ping_status":"closed","template":"","meta":[],"product_cat":[17],"product_tag":[],"yoast_head":"<!-- This site is optimized with the Yoast SEO Premium plugin v21.6 (Yoast SEO v21.6) - https:\/\/yoast.com\/wordpress\/plugins\/seo\/ -->\n<title>Notebook Acer Aspire 5 Intel Core i5H 8GB 512GB SS - 15,6\u201d Full HD Windows 11 A515-57-565J - Loja ExtremeMind SK<\/title>\n<meta name=\"robots\" content=\"index, follow, max-snippet:-1, max-image-preview:large, max-video-preview:-1\" \/>\n<link rel=\"canonical\" href=\"https:\/\/extrememind.net\/loja\/produto\/notebook-acer-aspire-5-intel-core-i5h-8gb-512gb-ss-156-full-hd-windows-11-a515-57-565j\/\" \/>\n<meta property=\"og:locale\" content=\"pt_BR\" \/>\n<meta property=\"og:type\" content=\"article\" \/>\n<meta property=\"og:title\" content=\"Notebook Acer Aspire 5 Intel Core i5H 8GB 512GB SS - 15,6\u201d Full HD Windows 11 A515-57-565J\" \/>\n<meta property=\"og:description\" content=\"Notebook Acer Aspire 5 Intel Core i5H 8GB 512GB SS Nos dias de hoje, com o avan\u00e7o constante da tecnologia, tudo o que for digital, nem sempre \u00e9 resolvido somente com um smartphone e \u00e9 necess\u00e1rio o uso de computadores ou notebooks. Muitos optam pelo notebook pela praticidade de poder trabalhar, navegar pela internet e [&hellip;]\" \/>\n<meta property=\"og:url\" content=\"https:\/\/extrememind.net\/loja\/produto\/notebook-acer-aspire-5-intel-core-i5h-8gb-512gb-ss-156-full-hd-windows-11-a515-57-565j\/\" \/>\n<meta property=\"og:site_name\" content=\"Loja ExtremeMind SK\" \/>\n<meta property=\"article:modified_time\" content=\"2024-01-09T19:39:21+00:00\" \/>\n<meta property=\"og:image\" content=\"https:\/\/extrememind.net\/loja\/wp-content\/uploads\/2024\/01\/6d79bb94f42b011b1e6027784241f34f.webp\" \/>\n\t<meta property=\"og:image:width\" content=\"747\" \/>\n\t<meta property=\"og:image:height\" content=\"560\" \/>\n\t<meta property=\"og:image:type\" content=\"image\/webp\" \/>\n<meta name=\"twitter:card\" content=\"summary_large_image\" \/>\n<meta name=\"twitter:label1\" content=\"Est. tempo de leitura\" \/>\n\t<meta name=\"twitter:data1\" content=\"2 minutos\" \/>\n<script type=\"application\/ld+json\" class=\"yoast-schema-graph\">{\"@context\":\"https:\/\/schema.org\",\"@graph\":[{\"@type\":\"WebPage\",\"@id\":\"https:\/\/extrememind.net\/loja\/produto\/notebook-acer-aspire-5-intel-core-i5h-8gb-512gb-ss-156-full-hd-windows-11-a515-57-565j\/\",\"url\":\"https:\/\/extrememind.net\/loja\/produto\/notebook-acer-aspire-5-intel-core-i5h-8gb-512gb-ss-156-full-hd-windows-11-a515-57-565j\/\",\"name\":\"Notebook Acer Aspire 5 Intel Core i5H 8GB 512GB SS - 15,6\u201d Full HD Windows 11 A515-57-565J - Loja ExtremeMind SK\",\"isPartOf\":{\"@id\":\"https:\/\/extrememind.net\/loja\/#website\"},\"datePublished\":\"2024-01-09T19:36:28+00:00\",\"dateModified\":\"2024-01-09T19:39:21+00:00\",\"breadcrumb\":{\"@id\":\"https:\/\/extrememind.net\/loja\/produto\/notebook-acer-aspire-5-intel-core-i5h-8gb-512gb-ss-156-full-hd-windows-11-a515-57-565j\/#breadcrumb\"},\"inLanguage\":\"pt-BR\",\"potentialAction\":[{\"@type\":\"ReadAction\",\"target\":[\"https:\/\/extrememind.net\/loja\/produto\/notebook-acer-aspire-5-intel-core-i5h-8gb-512gb-ss-156-full-hd-windows-11-a515-57-565j\/\"]}]},{\"@type\":\"BreadcrumbList\",\"@id\":\"https:\/\/extrememind.net\/loja\/produto\/notebook-acer-aspire-5-intel-core-i5h-8gb-512gb-ss-156-full-hd-windows-11-a515-57-565j\/#breadcrumb\",\"itemListElement\":[{\"@type\":\"ListItem\",\"position\":1,\"name\":\"In\u00edcio\",\"item\":\"https:\/\/extrememind.net\/loja\/\"},{\"@type\":\"ListItem\",\"position\":2,\"name\":\"Loja\",\"item\":\"https:\/\/extrememind.net\/loja\/\"},{\"@type\":\"ListItem\",\"position\":3,\"name\":\"Notebook Acer Aspire 5 Intel Core i5H 8GB 512GB SS &#8211; 15,6\u201d Full HD Windows 11 A515-57-565J\"}]},{\"@type\":\"WebSite\",\"@id\":\"https:\/\/extrememind.net\/loja\/#website\",\"url\":\"https:\/\/extrememind.net\/loja\/\",\"name\":\"Loja ExtremeMind SK\",\"description\":\"Fazendo a Diferen\u00e7a\",\"publisher\":{\"@id\":\"https:\/\/extrememind.net\/loja\/#organization\"},\"potentialAction\":[{\"@type\":\"SearchAction\",\"target\":{\"@type\":\"EntryPoint\",\"urlTemplate\":\"https:\/\/extrememind.net\/loja\/?s={search_term_string}\"},\"query-input\":\"required name=search_term_string\"}],\"inLanguage\":\"pt-BR\"},{\"@type\":\"Organization\",\"@id\":\"https:\/\/extrememind.net\/loja\/#organization\",\"name\":\"Loja ExtremeMind SK\",\"url\":\"https:\/\/extrememind.net\/loja\/\",\"logo\":{\"@type\":\"ImageObject\",\"inLanguage\":\"pt-BR\",\"@id\":\"https:\/\/extrememind.net\/loja\/#\/schema\/logo\/image\/\",\"url\":\"https:\/\/extrememind.net\/loja\/wp-content\/uploads\/2024\/01\/logo-extrememind-150x150-1.png\",\"contentUrl\":\"https:\/\/extrememind.net\/loja\/wp-content\/uploads\/2024\/01\/logo-extrememind-150x150-1.png\",\"width\":150,\"height\":150,\"caption\":\"Loja ExtremeMind SK\"},\"image\":{\"@id\":\"https:\/\/extrememind.net\/loja\/#\/schema\/logo\/image\/\"}}]}<\/script>\n<!-- \/ Yoast SEO Premium plugin. -->","yoast_head_json":{"title":"Notebook Acer Aspire 5 Intel Core i5H 8GB 512GB SS - 15,6\u201d Full HD Windows 11 A515-57-565J - Loja ExtremeMind SK","robots":{"index":"index","follow":"follow","max-snippet":"max-snippet:-1","max-image-preview":"max-image-preview:large","max-video-preview":"max-video-preview:-1"},"canonical":"https:\/\/extrememind.net\/loja\/produto\/notebook-acer-aspire-5-intel-core-i5h-8gb-512gb-ss-156-full-hd-windows-11-a515-57-565j\/","og_locale":"pt_BR","og_type":"article","og_title":"Notebook Acer Aspire 5 Intel Core i5H 8GB 512GB SS - 15,6\u201d Full HD Windows 11 A515-57-565J","og_description":"Notebook Acer Aspire 5 Intel Core i5H 8GB 512GB SS Nos dias de hoje, com o avan\u00e7o constante da tecnologia, tudo o que for digital, nem sempre \u00e9 resolvido somente com um smartphone e \u00e9 necess\u00e1rio o uso de computadores ou notebooks. Muitos optam pelo notebook pela praticidade de poder trabalhar, navegar pela internet e [&hellip;]","og_url":"https:\/\/extrememind.net\/loja\/produto\/notebook-acer-aspire-5-intel-core-i5h-8gb-512gb-ss-156-full-hd-windows-11-a515-57-565j\/","og_site_name":"Loja ExtremeMind SK","article_modified_time":"2024-01-09T19:39:21+00:00","og_image":[{"width":747,"height":560,"url":"https:\/\/extrememind.net\/loja\/wp-content\/uploads\/2024\/01\/6d79bb94f42b011b1e6027784241f34f.webp","type":"image\/webp"}],"twitter_card":"summary_large_image","twitter_misc":{"Est. tempo de leitura":"2 minutos"},"schema":{"@context":"https:\/\/schema.org","@graph":[{"@type":"WebPage","@id":"https:\/\/extrememind.net\/loja\/produto\/notebook-acer-aspire-5-intel-core-i5h-8gb-512gb-ss-156-full-hd-windows-11-a515-57-565j\/","url":"https:\/\/extrememind.net\/loja\/produto\/notebook-acer-aspire-5-intel-core-i5h-8gb-512gb-ss-156-full-hd-windows-11-a515-57-565j\/","name":"Notebook Acer Aspire 5 Intel Core i5H 8GB 512GB SS - 15,6\u201d Full HD Windows 11 A515-57-565J - Loja ExtremeMind SK","isPartOf":{"@id":"https:\/\/extrememind.net\/loja\/#website"},"datePublished":"2024-01-09T19:36:28+00:00","dateModified":"2024-01-09T19:39:21+00:00","breadcrumb":{"@id":"https:\/\/extrememind.net\/loja\/produto\/notebook-acer-aspire-5-intel-core-i5h-8gb-512gb-ss-156-full-hd-windows-11-a515-57-565j\/#breadcrumb"},"inLanguage":"pt-BR","potentialAction":[{"@type":"ReadAction","target":["https:\/\/extrememind.net\/loja\/produto\/notebook-acer-aspire-5-intel-core-i5h-8gb-512gb-ss-156-full-hd-windows-11-a515-57-565j\/"]}]},{"@type":"BreadcrumbList","@id":"https:\/\/extrememind.net\/loja\/produto\/notebook-acer-aspire-5-intel-core-i5h-8gb-512gb-ss-156-full-hd-windows-11-a515-57-565j\/#breadcrumb","itemListElement":[{"@type":"ListItem","position":1,"name":"In\u00edcio","item":"https:\/\/extrememind.net\/loja\/"},{"@type":"ListItem","position":2,"name":"Loja","item":"https:\/\/extrememind.net\/loja\/"},{"@type":"ListItem","position":3,"name":"Notebook Acer Aspire 5 Intel Core i5H 8GB 512GB SS &#8211; 15,6\u201d Full HD Windows 11 A515-57-565J"}]},{"@type":"WebSite","@id":"https:\/\/extrememind.net\/loja\/#website","url":"https:\/\/extrememind.net\/loja\/","name":"Loja ExtremeMind SK","description":"Fazendo a Diferen\u00e7a","publisher":{"@id":"https:\/\/extrememind.net\/loja\/#organization"},"potentialAction":[{"@type":"SearchAction","target":{"@type":"EntryPoint","urlTemplate":"https:\/\/extrememind.net\/loja\/?s={search_term_string}"},"query-input":"required name=search_term_string"}],"inLanguage":"pt-BR"},{"@type":"Organization","@id":"https:\/\/extrememind.net\/loja\/#organization","name":"Loja ExtremeMind SK","url":"https:\/\/extrememind.net\/loja\/","logo":{"@type":"ImageObject","inLanguage":"pt-BR","@id":"https:\/\/extrememind.net\/loja\/#\/schema\/logo\/image\/","url":"https:\/\/extrememind.net\/loja\/wp-content\/uploads\/2024\/01\/logo-extrememind-150x150-1.png","contentUrl":"https:\/\/extrememind.net\/loja\/wp-content\/uploads\/2024\/01\/logo-extrememind-150x150-1.png","width":150,"height":150,"caption":"Loja ExtremeMind SK"},"image":{"@id":"https:\/\/extrememind.net\/loja\/#\/schema\/logo\/image\/"}}]}},"_links":{"self":[{"href":"https:\/\/extrememind.net\/loja\/wp-json\/wp\/v2\/product\/33"}],"collection":[{"href":"https:\/\/extrememind.net\/loja\/wp-json\/wp\/v2\/product"}],"about":[{"href":"https:\/\/extrememind.net\/loja\/wp-json\/wp\/v2\/types\/product"}],"replies":[{"embeddable":true,"href":"https:\/\/extrememind.net\/loja\/wp-json\/wp\/v2\/comments?post=33"}],"wp:featuredmedia":[{"embeddable":true,"href":"https:\/\/extrememind.net\/loja\/wp-json\/wp\/v2\/media\/34"}],"wp:attachment":[{"href":"https:\/\/extrememind.net\/loja\/wp-json\/wp\/v2\/media?parent=33"}],"wp:term":[{"taxonomy":"product_cat","embeddable":true,"href":"https:\/\/extrememind.net\/loja\/wp-json\/wp\/v2\/product_cat?post=33"},{"taxonomy":"product_tag","embeddable":true,"href":"https:\/\/extrememind.net\/loja\/wp-json\/wp\/v2\/product_tag?post=33"}],"curies":[{"name":"wp","href":"https:\/\/api.w.org\/{rel}","templated":true}]}}